{"id":14846,"date":"2023-11-20T08:08:18","date_gmt":"2023-11-20T15:08:18","guid":{"rendered":"https:\/\/2me.travel\/services-de-guides-locaux-accompagnement\/"},"modified":"2025-07-30T02:00:33","modified_gmt":"2025-07-30T08:00:33","slug":"services-de-guides-locaux-accompagnement","status":"publish","type":"page","link":"https:\/\/2me.travel\/fr\/services-de-guides-locaux-accompagnement\/","title":{"rendered":"Services de guides locaux (accompagnement)"},"content":{"rendered":"\t\t<div data-elementor-type=\"wp-page\" data-elementor-id=\"14846\" class=\"elementor elementor-14846 elementor-12845\" data-elementor-post-type=\"page\">\n\t\t\t\t\t\t<section class=\"elementor-section elementor-top-section elementor-element elementor-element-ce0fad7 elementor-section-content-middle elementor-section-boxed elementor-section-height-default elementor-section-height-default\" data-id=\"ce0fad7\" data-element_type=\"section\" data-e-type=\"section\">\n\t\t\t\t\t\t<div class=\"elementor-container elementor-column-gap-default\">\n\t\t\t\t\t<div class=\"elementor-column elementor-col-100 elementor-top-column elementor-element elementor-element-796a633\" data-id=\"796a633\" data-element_type=\"column\" data-e-type=\"column\">\n\t\t\t<div class=\"elementor-widget-wrap elementor-element-populated\">\n\t\t\t\t\t\t<div class=\"elementor-element elementor-element-af623fc elementor-widget elementor-widget-text-editor\" data-id=\"af623fc\" data-element_type=\"widget\" data-e-type=\"widget\" data-widget_type=\"text-editor.default\">\n\t\t\t\t<div class=\"elementor-widget-container\">\n\t\t\t\t\t\t\t\t\t<p>Nous proposons des services de guide-accompagnateur dans la r\u00e9gion de<\/p>\n\t\t\t\t\t\t\t\t<\/div>\n\t\t\t\t<\/div>\n\t\t\t\t<div class=\"elementor-element elementor-element-303afc6 elementor-widget elementor-widget-heading\" data-id=\"303afc6\" data-element_type=\"widget\" data-e-type=\"widget\" data-widget_type=\"heading.default\">\n\t\t\t\t<div class=\"elementor-widget-container\">\n\t\t\t\t\t<h4 class=\"elementor-heading-title elementor-size-default\">Banff, de Lake Louise et de Calgary.<\/h4>\t\t\t\t<\/div>\n\t\t\t\t<\/div>\n\t\t\t\t<div class=\"elementor-element elementor-element-9fc038d elementor-widget elementor-widget-text-editor\" data-id=\"9fc038d\" data-element_type=\"widget\" data-e-type=\"widget\" data-widget_type=\"text-editor.default\">\n\t\t\t\t<div class=\"elementor-widget-container\">\n\t\t\t\t\t\t\t\t\t<p><b>Circuits sp\u00e9cialis\u00e9s incluant :<\/b><\/p>\n\t\t\t\t\t\t\t\t<\/div>\n\t\t\t\t<\/div>\n\t\t\t\t<div class=\"elementor-element elementor-element-c2b2f5a elementor-widget elementor-widget-heading\" data-id=\"c2b2f5a\" data-element_type=\"widget\" data-e-type=\"widget\" data-widget_type=\"heading.default\">\n\t\t\t\t<div class=\"elementor-widget-container\">\n\t\t\t\t\t<h5 class=\"elementor-heading-title elementor-size-default\">Jasper, Edmonton, Vancouver et Victoria.<\/h5>\t\t\t\t<\/div>\n\t\t\t\t<\/div>\n\t\t\t\t<section class=\"elementor-section elementor-inner-section elementor-element elementor-element-83a4212 elementor-section-boxed elementor-section-height-default elementor-section-height-default\" data-id=\"83a4212\" data-element_type=\"section\" data-e-type=\"section\">\n\t\t\t\t\t\t<div class=\"elementor-container elementor-column-gap-default\">\n\t\t\t\t\t<div class=\"elementor-column elementor-col-50 elementor-inner-column elementor-element elementor-element-1e9f575\" data-id=\"1e9f575\" data-element_type=\"column\" data-e-type=\"column\">\n\t\t\t<div class=\"elementor-widget-wrap elementor-element-populated\">\n\t\t\t\t\t\t<div class=\"elementor-element elementor-element-7a00ea2 elementor-widget elementor-widget-heading\" data-id=\"7a00ea2\" data-element_type=\"widget\" data-e-type=\"widget\" data-widget_type=\"heading.default\">\n\t\t\t\t<div class=\"elementor-widget-container\">\n\t\t\t\t\t<h5 class=\"elementor-heading-title elementor-size-default\">Nous offrons des services de guide en fran\u00e7ais<\/h5>\t\t\t\t<\/div>\n\t\t\t\t<\/div>\n\t\t\t\t<div class=\"elementor-element elementor-element-14facbe elementor-widget elementor-widget-image\" data-id=\"14facbe\" data-element_type=\"widget\" data-e-type=\"widget\" data-widget_type=\"image.default\">\n\t\t\t\t<div class=\"elementor-widget-container\">\n\t\t\t\t\t\t\t\t\t\t\t\t\t\t\t<img decoding=\"async\" src=\"https:\/\/2me.travel\/wp-content\/uploads\/elementor\/thumbs\/download-qfnejzoqs9iu1m9vkkdcnnsicwqhnfkiwkckynwxv8.png\" title=\"download\" alt=\"download\" loading=\"lazy\" \/>\t\t\t\t\t\t\t\t\t\t\t\t\t\t\t<\/div>\n\t\t\t\t<\/div>\n\t\t\t\t\t<\/div>\n\t\t<\/div>\n\t\t\t\t<div class=\"elementor-column elementor-col-50 elementor-inner-column elementor-element elementor-element-f663268\" data-id=\"f663268\" data-element_type=\"column\" data-e-type=\"column\">\n\t\t\t<div class=\"elementor-widget-wrap elementor-element-populated\">\n\t\t\t\t\t\t<div class=\"elementor-element elementor-element-ce97d80 elementor-widget elementor-widget-heading\" data-id=\"ce97d80\" data-element_type=\"widget\" data-e-type=\"widget\" data-widget_type=\"heading.default\">\n\t\t\t\t<div class=\"elementor-widget-container\">\n\t\t\t\t\t<h5 class=\"elementor-heading-title elementor-size-default\">Ofrecemos servicios de gu\u00edas en espa\u00f1ol<\/h5>\t\t\t\t<\/div>\n\t\t\t\t<\/div>\n\t\t\t\t<div class=\"elementor-element elementor-element-615b65e elementor-widget elementor-widget-image\" data-id=\"615b65e\" data-element_type=\"widget\" data-e-type=\"widget\" data-widget_type=\"image.default\">\n\t\t\t\t<div class=\"elementor-widget-container\">\n\t\t\t\t\t\t\t\t\t\t\t\t\t\t\t<img decoding=\"async\" src=\"https:\/\/2me.travel\/wp-content\/uploads\/elementor\/thumbs\/s-l1200-qfneinqz3pp7li7ichndmhw029arqva7pz2thjw0ok.webp\" title=\"s-l1200\" alt=\"mexico-flag\" loading=\"lazy\" \/>\t\t\t\t\t\t\t\t\t\t\t\t\t\t\t<\/div>\n\t\t\t\t<\/div>\n\t\t\t\t\t<\/div>\n\t\t<\/div>\n\t\t\t\t\t<\/div>\n\t\t<\/section>\n\t\t\t\t<div class=\"elementor-element elementor-element-c9cb550 elementor-widget elementor-widget-heading\" data-id=\"c9cb550\" data-element_type=\"widget\" data-e-type=\"widget\" data-widget_type=\"heading.default\">\n\t\t\t\t<div class=\"elementor-widget-container\">\n\t\t\t\t\t<h3 class=\"elementor-heading-title elementor-size-default\">SERVICES DE GUIDE PROPOS\u00c9S EN ANGLAIS, EN FRAN\u00c7AIS ET EN ESPAGNOL<\/h3>\t\t\t\t<\/div>\n\t\t\t\t<\/div>\n\t\t\t\t<section class=\"elementor-section elementor-inner-section elementor-element elementor-element-1745797 elementor-section-content-middle elementor-section-boxed elementor-section-height-default elementor-section-height-default\" data-id=\"1745797\" data-element_type=\"section\" data-e-type=\"section\">\n\t\t\t\t\t\t<div class=\"elementor-container elementor-column-gap-default\">\n\t\t\t\t\t<div class=\"elementor-column elementor-col-50 elementor-inner-column elementor-element elementor-element-3857a2a\" data-id=\"3857a2a\" data-element_type=\"column\" data-e-type=\"column\">\n\t\t\t<div class=\"elementor-widget-wrap elementor-element-populated\">\n\t\t\t\t\t\t<div class=\"elementor-element elementor-element-87b213d elementor-widget elementor-widget-heading\" data-id=\"87b213d\" data-element_type=\"widget\" data-e-type=\"widget\" data-widget_type=\"heading.default\">\n\t\t\t\t<div class=\"elementor-widget-container\">\n\t\t\t\t\t<h4 class=\"elementor-heading-title elementor-size-default\">Services de guide priv\u00e9s<\/h4>\t\t\t\t<\/div>\n\t\t\t\t<\/div>\n\t\t\t\t<div class=\"elementor-element elementor-element-a1e87a4 elementor-widget elementor-widget-text-editor\" data-id=\"a1e87a4\" data-element_type=\"widget\" data-e-type=\"widget\" data-widget_type=\"text-editor.default\">\n\t\t\t\t<div class=\"elementor-widget-container\">\n\t\t\t\t\t\t\t\t\t<p>Nous sommes r\u00e9guli\u00e8rement sollicit\u00e9s pour des excursions priv\u00e9es d&rsquo;une journ\u00e9e ou de plusieurs jours dans la r\u00e9gion. Ces circuits sont con\u00e7us selon vos centres d&rsquo;int\u00e9r\u00eat et planifi\u00e9s en fonction de la m\u00e9t\u00e9o et des activit\u00e9s de l\u2019\u00e9poque de l\u2019ann\u00e9e. Veuillez prendre contact avec nous le plus t\u00f4t possible pour en discuter!<\/p>\n\t\t\t\t\t\t\t\t<\/div>\n\t\t\t\t<\/div>\n\t\t\t\t\t<\/div>\n\t\t<\/div>\n\t\t\t\t<div class=\"elementor-column elementor-col-50 elementor-inner-column elementor-element elementor-element-b20c9fb\" data-id=\"b20c9fb\" data-element_type=\"column\" data-e-type=\"column\">\n\t\t\t<div class=\"elementor-widget-wrap elementor-element-populated\">\n\t\t\t\t\t\t<div class=\"elementor-element elementor-element-b63e662 elementor-widget elementor-widget-image\" data-id=\"b63e662\" data-element_type=\"widget\" data-e-type=\"widget\" data-widget_type=\"image.default\">\n\t\t\t\t<div class=\"elementor-widget-container\">\n\t\t\t\t\t\t\t\t\t\t\t\t\t\t\t<img fetchpriority=\"high\" decoding=\"async\" width=\"980\" height=\"735\" src=\"https:\/\/2me.travel\/wp-content\/uploads\/2023\/11\/IMG_0858-1024x768.jpg\" class=\"attachment-large size-large wp-image-14783\" alt=\"\" srcset=\"https:\/\/2me.travel\/wp-content\/uploads\/2023\/11\/IMG_0858-1024x768.jpg 1024w, https:\/\/2me.travel\/wp-content\/uploads\/2023\/11\/IMG_0858-300x225.jpg 300w, https:\/\/2me.travel\/wp-content\/uploads\/2023\/11\/IMG_0858-768x576.jpg 768w, https:\/\/2me.travel\/wp-content\/uploads\/2023\/11\/IMG_0858-1536x1152.jpg 1536w, https:\/\/2me.travel\/wp-content\/uploads\/2023\/11\/IMG_0858-600x450.jpg 600w, https:\/\/2me.travel\/wp-content\/uploads\/2023\/11\/IMG_0858.jpg 2000w\" sizes=\"(max-width: 980px) 100vw, 980px\" \/>\t\t\t\t\t\t\t\t\t\t\t\t\t\t\t<\/div>\n\t\t\t\t<\/div>\n\t\t\t\t\t<\/div>\n\t\t<\/div>\n\t\t\t\t\t<\/div>\n\t\t<\/section>\n\t\t\t\t<section class=\"elementor-section elementor-inner-section elementor-element elementor-element-8a69e03 elementor-section-content-middle elementor-section-boxed elementor-section-height-default elementor-section-height-default\" data-id=\"8a69e03\" data-element_type=\"section\" data-e-type=\"section\">\n\t\t\t\t\t\t<div class=\"elementor-container elementor-column-gap-default\">\n\t\t\t\t\t<div class=\"elementor-column elementor-col-50 elementor-inner-column elementor-element elementor-element-878033f\" data-id=\"878033f\" data-element_type=\"column\" data-e-type=\"column\">\n\t\t\t<div class=\"elementor-widget-wrap elementor-element-populated\">\n\t\t\t\t\t\t<div class=\"elementor-element elementor-element-3d16ba7 elementor-widget elementor-widget-image\" data-id=\"3d16ba7\" data-element_type=\"widget\" data-e-type=\"widget\" data-widget_type=\"image.default\">\n\t\t\t\t<div class=\"elementor-widget-container\">\n\t\t\t\t\t\t\t\t\t\t\t\t\t\t\t<img decoding=\"async\" width=\"980\" height=\"735\" src=\"https:\/\/2me.travel\/wp-content\/uploads\/2023\/11\/IMG_0767-1-1024x768.jpg\" class=\"attachment-large size-large wp-image-14784\" alt=\"\" srcset=\"https:\/\/2me.travel\/wp-content\/uploads\/2023\/11\/IMG_0767-1-1024x768.jpg 1024w, https:\/\/2me.travel\/wp-content\/uploads\/2023\/11\/IMG_0767-1-300x225.jpg 300w, https:\/\/2me.travel\/wp-content\/uploads\/2023\/11\/IMG_0767-1-768x576.jpg 768w, https:\/\/2me.travel\/wp-content\/uploads\/2023\/11\/IMG_0767-1-1536x1152.jpg 1536w, https:\/\/2me.travel\/wp-content\/uploads\/2023\/11\/IMG_0767-1-600x450.jpg 600w, https:\/\/2me.travel\/wp-content\/uploads\/2023\/11\/IMG_0767-1.jpg 2000w\" sizes=\"(max-width: 980px) 100vw, 980px\" \/>\t\t\t\t\t\t\t\t\t\t\t\t\t\t\t<\/div>\n\t\t\t\t<\/div>\n\t\t\t\t\t<\/div>\n\t\t<\/div>\n\t\t\t\t<div class=\"elementor-column elementor-col-50 elementor-inner-column elementor-element elementor-element-97f9636\" data-id=\"97f9636\" data-element_type=\"column\" data-e-type=\"column\">\n\t\t\t<div class=\"elementor-widget-wrap elementor-element-populated\">\n\t\t\t\t\t\t<div class=\"elementor-element elementor-element-08a130c elementor-widget elementor-widget-heading\" data-id=\"08a130c\" data-element_type=\"widget\" data-e-type=\"widget\" data-widget_type=\"heading.default\">\n\t\t\t\t<div class=\"elementor-widget-container\">\n\t\t\t\t\t<h4 class=\"elementor-heading-title elementor-size-default\">Visites virtuelles priv\u00e9es<\/h4>\t\t\t\t<\/div>\n\t\t\t\t<\/div>\n\t\t\t\t<div class=\"elementor-element elementor-element-3c91174 elementor-widget elementor-widget-text-editor\" data-id=\"3c91174\" data-element_type=\"widget\" data-e-type=\"widget\" data-widget_type=\"text-editor.default\">\n\t\t\t\t<div class=\"elementor-widget-container\">\n\t\t\t\t\t\t\t\t\t<p>Id\u00e9ales pour des ateliers professionnels, des activit\u00e9s de consolidation d\u2019\u00e9quipe, des \u00e9v\u00e9nements en r\u00e9sidence pour personnes \u00e2g\u00e9es ou des r\u00e9unions d\u2019amis, nous avons effectu\u00e9 plus de 500 visites virtuelles interactives et en direct sur Zoom, Facebook et YouTube. D\u00e9couvrez quelques rediffusions de voyages sur notre cha\u00eene YouTube!<\/p>\n<p>&nbsp;<\/p>\n<p>Communiquez avec nous pour en savoir plus et conna\u00eetre les tarifs.<\/p>\n\t\t\t\t\t\t\t\t<\/div>\n\t\t\t\t<\/div>\n\t\t\t\t\t<\/div>\n\t\t<\/div>\n\t\t\t\t\t<\/div>\n\t\t<\/section>\n\t\t\t\t<div class=\"elementor-element elementor-element-0cb5e98 elementor-widget elementor-widget-heading\" data-id=\"0cb5e98\" data-element_type=\"widget\" data-e-type=\"widget\" data-widget_type=\"heading.default\">\n\t\t\t\t<div class=\"elementor-widget-container\">\n\t\t\t\t\t<h5 class=\"elementor-heading-title elementor-size-default\">Les circuits dans la r\u00e9gion de Banff commencent \u00e0 partir de 100 $\/h.<\/h5>\t\t\t\t<\/div>\n\t\t\t\t<\/div>\n\t\t\t\t<div class=\"elementor-element elementor-element-495760d elementor-widget elementor-widget-text-editor\" data-id=\"495760d\" data-element_type=\"widget\" data-e-type=\"widget\" data-widget_type=\"text-editor.default\">\n\t\t\t\t<div class=\"elementor-widget-container\">\n\t\t\t\t\t\t\t\t\t<p>Veuillez nous envoyer vos dates le plus t\u00f4t possible!<\/p>\n\t\t\t\t\t\t\t\t<\/div>\n\t\t\t\t<\/div>\n\t\t\t\t<div class=\"elementor-element elementor-element-6232e57 elementor-align-center elementor-widget elementor-widget-button\" data-id=\"6232e57\" data-element_type=\"widget\" data-e-type=\"widget\" data-widget_type=\"button.default\">\n\t\t\t\t<div class=\"elementor-widget-container\">\n\t\t\t\t\t\t\t\t\t<div class=\"elementor-button-wrapper\">\n\t\t\t\t\t<a class=\"elementor-button elementor-button-link elementor-size-md\" href=\"mailto:2metours@gmail.com\">\n\t\t\t\t\t\t<span class=\"elementor-button-content-wrapper\">\n\t\t\t\t\t\t<span class=\"elementor-button-icon\">\n\t\t\t\t<i aria-hidden=\"true\" class=\"zourney-icon- zourney-icon-envelope\"><\/i>\t\t\t<\/span>\n\t\t\t\t\t\t\t\t\t<span class=\"elementor-button-text\">Envoyer un courriel<\/span>\n\t\t\t\t\t<\/span>\n\t\t\t\t\t<\/a>\n\t\t\t\t<\/div>\n\t\t\t\t\t\t\t\t<\/div>\n\t\t\t\t<\/div>\n\t\t\t\t\t<\/div>\n\t\t<\/div>\n\t\t\t\t\t<\/div>\n\t\t<\/section>\n\t\t\t\t<\/div>\n\t\t","protected":false},"excerpt":{"rendered":"<p>Nous proposons des services de guide-accompagnateur dans la r\u00e9gion de Banff, de Lake Louise et de Calgary. Circuits sp\u00e9cialis\u00e9s incluant : Jasper, Edmonton, Vancouver et Victoria. Nous offrons des services [&hellip;]<\/p>\n","protected":false},"author":1,"featured_media":14782,"parent":0,"menu_order":0,"comment_status":"closed","ping_status":"closed","template":"","meta":{"_eb_attr":"","inline_featured_image":false,"_monsterinsights_skip_tracking":false,"_monsterinsights_sitenote_active":false,"_monsterinsights_sitenote_note":"","_monsterinsights_sitenote_category":0,"_price":"","_stock":"","_tribe_ticket_header":"","_tribe_default_ticket_provider":"","_tribe_ticket_capacity":"0","_ticket_start_date":"","_ticket_end_date":"","_tribe_ticket_show_description":"","_tribe_ticket_show_not_going":false,"_tribe_ticket_use_global_stock":"","_tribe_ticket_global_stock_level":"","_global_stock_mode":"","_global_stock_cap":"","_tribe_rsvp_for_event":"","_tribe_ticket_going_count":"","_tribe_ticket_not_going_count":"","_tribe_tickets_list":"[]","_tribe_ticket_has_attendee_info_fields":false,"footnotes":"","_tec_slr_enabled":"","_tec_slr_layout":""},"class_list":["post-14846","page","type-page","status-publish","has-post-thumbnail","hentry"],"aioseo_notices":[],"ticketed":false,"_links":{"self":[{"href":"https:\/\/2me.travel\/fr\/wp-json\/wp\/v2\/pages\/14846","targetHints":{"allow":["GET"]}}],"collection":[{"href":"https:\/\/2me.travel\/fr\/wp-json\/wp\/v2\/pages"}],"about":[{"href":"https:\/\/2me.travel\/fr\/wp-json\/wp\/v2\/types\/page"}],"author":[{"embeddable":true,"href":"https:\/\/2me.travel\/fr\/wp-json\/wp\/v2\/users\/1"}],"replies":[{"embeddable":true,"href":"https:\/\/2me.travel\/fr\/wp-json\/wp\/v2\/comments?post=14846"}],"version-history":[{"count":1,"href":"https:\/\/2me.travel\/fr\/wp-json\/wp\/v2\/pages\/14846\/revisions"}],"predecessor-version":[{"id":14847,"href":"https:\/\/2me.travel\/fr\/wp-json\/wp\/v2\/pages\/14846\/revisions\/14847"}],"wp:featuredmedia":[{"embeddable":true,"href":"https:\/\/2me.travel\/fr\/wp-json\/wp\/v2\/media\/14782"}],"wp:attachment":[{"href":"https:\/\/2me.travel\/fr\/wp-json\/wp\/v2\/media?parent=14846"}],"curies":[{"name":"wp","href":"https:\/\/api.w.org\/{rel}","templated":true}]}}